{"id":3281,"date":"2025-12-13T11:34:07","date_gmt":"2025-12-13T11:34:07","guid":{"rendered":"https:\/\/www.droktaytosun.com\/en\/?page_id=3281"},"modified":"2025-12-29T12:12:10","modified_gmt":"2025-12-29T12:12:10","slug":"botox","status":"publish","type":"page","link":"https:\/\/www.droktaytosun.com\/en\/botox\/","title":{"rendered":"Botox"},"content":{"rendered":"\t\t<div data-elementor-type=\"wp-post\" data-elementor-id=\"3281\" class=\"elementor elementor-3281\">\n\t\t\t\t\t\t<section class=\"elementor-section elementor-top-section elementor-element elementor-element-e8819a9 elementor-reverse-tablet elementor-reverse-mobile elementor-section-boxed elementor-section-height-default elementor-section-height-default\" data-id=\"e8819a9\" data-element_type=\"section\">\n\t\t\t\t\t\t<div class=\"elementor-container elementor-column-gap-default\">\n\t\t\t\t\t<div class=\"elementor-column elementor-col-50 elementor-top-column elementor-element elementor-element-e93d31b\" data-id=\"e93d31b\" data-element_type=\"column\">\n\t\t\t<div class=\"elementor-widget-wrap elementor-element-populated\">\n\t\t\t\t\t\t<div class=\"elementor-element elementor-element-d171e6e services_sidebar elementor-widget elementor-widget-sidebar\" data-id=\"d171e6e\" data-element_type=\"widget\" data-widget_type=\"sidebar.default\">\n\t\t\t\t\t<div id=\"nav_menu-1\" class=\"widget widget_nav_menu\"><h4 class=\"widget-title second_font\">Tedaviler<\/h4><div class=\"menu-sidebar-services-container\"><ul id=\"menu-sidebar-services\" class=\"menu\"><li id=\"menu-item-3329\" class=\"menu-item menu-item-type-post_type menu-item-object-page menu-item-3329\"><a title=\"Hair Mesotherapy\" href=\"https:\/\/www.droktaytosun.com\/en\/hair-mesotherapy\/\">Hair Mesotherapy<\/a><\/li>\n<li id=\"menu-item-3328\" class=\"menu-item menu-item-type-post_type menu-item-object-page menu-item-3328\"><a title=\"Botox\" href=\"https:\/\/www.droktaytosun.com\/en\/botox\/\">Botox<\/a><\/li>\n<li id=\"menu-item-3327\" class=\"menu-item menu-item-type-post_type menu-item-object-page menu-item-3327\"><a title=\"Stem Cell\" href=\"https:\/\/www.droktaytosun.com\/en\/stem-cell\/\">Stem Cell<\/a><\/li>\n<li id=\"menu-item-2211\" class=\"menu-item menu-item-type-post_type menu-item-object-page menu-item-2211\"><a title=\"Italian Style\" href=\"https:\/\/www.droktaytosun.com\/en\/italian-style\/\">Italian Style<\/a><\/li>\n<li id=\"menu-item-3325\" class=\"menu-item menu-item-type-post_type menu-item-object-page menu-item-3325\"><a title=\"Medical Services\" href=\"https:\/\/www.droktaytosun.com\/en\/medical-services\/\">Medical Services<\/a><\/li>\n<li id=\"menu-item-3326\" class=\"menu-item menu-item-type-post_type menu-item-object-page menu-item-3326\"><a title=\"Surgical Services\" href=\"https:\/\/www.droktaytosun.com\/en\/surgical-services\/\">Surgical Services<\/a><\/li>\n<\/ul><\/div><\/div><div id=\"custom_html-2\" class=\"widget_text widget widget_custom_html\"><div class=\"textwidget custom-html-widget\">\t<div class=\"brochures\">\n\t\t<p class=\"title second_font\">CONTACT FORM<\/p>\n\t\t<p class=\"desc\">Do not hesitate to contact us for any questions, suggestions, or collaboration. We will get back to you as soon as possible. As the team of Op. Dr. Oktay Tosun, we are here to establish strong communication with you and provide the solutions that best suit your needs.<\/p>\n\t\t\r\n\t<a class=\"button_sidebar\" href=\"\/iletisim\">\n\t\t<i class=\"far fa-file-pdf\"><\/i>\n\t\t<span>Contact Form<\/span>\n\t<\/a>\n\t\r\n\r\n\t<\/div>\n\t\r\n<\/div><\/div><div id=\"custom_html-3\" class=\"widget_text widget widget_custom_html\"><div class=\"textwidget custom-html-widget\">\t<div class=\"info_contact\">\n\t\t<p class=\"title second_font\">Size Nas\u0131l Yard\u0131mc\u0131 Olabiliriz?<\/p>\n\t\t<ul class=\"content\">\n\t\t\t\r\n\t<li>\n\t\t<i class=\"zmdi zmdi-phone\"><\/i>\n\t\t<span class=\"info\">+90 545 913 96 96<\/span>\n\t<\/li>\n\t\n\t\r\n\t<li>\n\t\t<i class=\"zmdi zmdi-email\"><\/i>\n\t\t<span class=\"info\">droktaytosunclinic@gmail.com<\/span>\n\t<\/li>\n\t\n\t\r\n\t<li>\n\t\t<i class=\"zmdi zmdi-pin\"><\/i>\n\t\t<span class=\"info\">15 Temmuz Mh. 148127. Sk. Melisa Villa No:2\/1 (Across from Primemall AVM) \u015eehitkamil \/ Gaziantep, Turkey<\/span>\n\t<\/li>\n\t\n\t\r\n\t\t<\/ul>\n\t<\/div>\n\t\r\n<\/div><\/div>\t\t\t\t<\/div>\n\t\t\t\t\t<\/div>\n\t\t<\/div>\n\t\t\t\t<div class=\"elementor-column elementor-col-50 elementor-top-column elementor-element elementor-element-4af4ec2\" data-id=\"4af4ec2\" data-element_type=\"column\">\n\t\t\t<div class=\"elementor-widget-wrap elementor-element-populated\">\n\t\t\t\t\t\t<section class=\"elementor-section elementor-inner-section elementor-element elementor-element-465aa4f elementor-section-boxed elementor-section-height-default elementor-section-height-default\" data-id=\"465aa4f\" data-element_type=\"section\">\n\t\t\t\t\t\t<div class=\"elementor-container elementor-column-gap-no\">\n\t\t\t\t\t<div class=\"elementor-column elementor-col-100 elementor-inner-column elementor-element elementor-element-33aebf4\" data-id=\"33aebf4\" data-element_type=\"column\">\n\t\t\t<div class=\"elementor-widget-wrap elementor-element-populated\">\n\t\t\t\t\t\t<div class=\"elementor-element elementor-element-5949d62 elementor-widget elementor-widget-image\" data-id=\"5949d62\" data-element_type=\"widget\" data-widget_type=\"image.default\">\n\t\t\t\t\t\t\t\t\t\t\t\t\t\t\t<img fetchpriority=\"high\" decoding=\"async\" width=\"872\" height=\"490\" src=\"https:\/\/www.droktaytosun.com\/en\/wp-content\/uploads\/2025\/12\/botoks1.png\" class=\"attachment-full size-full wp-image-3109\" alt=\"\" srcset=\"https:\/\/www.droktaytosun.com\/en\/wp-content\/uploads\/2025\/12\/botoks1.png 872w, https:\/\/www.droktaytosun.com\/en\/wp-content\/uploads\/2025\/12\/botoks1-300x169.png 300w, https:\/\/www.droktaytosun.com\/en\/wp-content\/uploads\/2025\/12\/botoks1-768x432.png 768w, https:\/\/www.droktaytosun.com\/en\/wp-content\/uploads\/2025\/12\/botoks1-600x337.png 600w\" sizes=\"(max-width: 872px) 100vw, 872px\" \/>\t\t\t\t\t\t\t\t\t\t\t\t\t\t\t<\/div>\n\t\t\t\t<div class=\"elementor-element elementor-element-4d3e55e elementor-widget elementor-widget-heading\" data-id=\"4d3e55e\" data-element_type=\"widget\" data-widget_type=\"heading.default\">\n\t\t\t\t\t<span class=\"elementor-heading-title elementor-size-default\">Botox<\/span>\t\t\t\t<\/div>\n\t\t\t\t\t<\/div>\n\t\t<\/div>\n\t\t\t\t\t<\/div>\n\t\t<\/section>\n\t\t\t\t<section class=\"elementor-section elementor-inner-section elementor-element elementor-element-595b1ca elementor-section-boxed elementor-section-height-default elementor-section-height-default\" data-id=\"595b1ca\" data-element_type=\"section\">\n\t\t\t\t\t\t<div class=\"elementor-container elementor-column-gap-default\">\n\t\t\t\t\t<div class=\"elementor-column elementor-col-100 elementor-inner-column elementor-element elementor-element-2443455\" data-id=\"2443455\" data-element_type=\"column\">\n\t\t\t<div class=\"elementor-widget-wrap elementor-element-populated\">\n\t\t\t\t\t\t<div class=\"elementor-element elementor-element-03f76a5 elementor-widget elementor-widget-text-editor\" data-id=\"03f76a5\" data-element_type=\"widget\" data-widget_type=\"text-editor.default\">\n\t\t\t\t\t\t\t\t\t<p data-start=\"51\" data-end=\"293\"><strong data-start=\"51\" data-end=\"88\">WHAT IS BOTOX AND HOW IS IT DONE?<\/strong><br data-start=\"88\" data-end=\"91\" \/>Lines appear on our face as a result of facial muscle movements. With prolonged activity of these muscles, the lines become deeper. Botox is a procedure performed to eliminate these lines on the face.<\/p><p data-start=\"295\" data-end=\"634\">Wrinkles are most commonly seen on the forehead, around the eyes, and around the lips. Botox is applied through injection in these areas. Mild discomfort may be felt during the procedure. To reduce discomfort, topical anesthetic creams are used. Cold compresses applied before or after the procedure help prevent pain and reduce redness.<\/p><p data-start=\"636\" data-end=\"989\">After Botox is injected into the skin, it may take 3 days to 1 week to show its effect. Medications containing vitamin E should not be used before the procedure. It is also advisable not to use aspirin or similar medications due to their blood-thinning effects. Such medications can cause swelling and bruising in the treated area after the procedure.<\/p><p data-start=\"991\" data-end=\"1508\">After the procedure, it is important to avoid facial movements for a few hours. Additionally, the treated area should not come into contact with water for 1-2 days. Massaging the area for a few days after the procedure should be avoided. Small bruises may appear in the treated area, which will disappear if the area is kept clean. It is important to get detailed information about Botox before deciding to undergo the procedure. Some side effects may occur after the procedure, which can range from mild to severe.<\/p><hr data-start=\"1510\" data-end=\"1513\" \/><p data-start=\"1515\" data-end=\"1544\"><strong data-start=\"1515\" data-end=\"1542\">WHERE IS BOTOX APPLIED?<\/strong><\/p><ul data-start=\"1545\" data-end=\"1732\"><li data-start=\"1545\" data-end=\"1574\"><p data-start=\"1547\" data-end=\"1574\">To remove forehead lines,<\/p><\/li><li data-start=\"1575\" data-end=\"1606\"><p data-start=\"1577\" data-end=\"1606\">Lines between the eyebrows,<\/p><\/li><li data-start=\"1607\" data-end=\"1632\"><p data-start=\"1609\" data-end=\"1632\">To lift the eyebrows,<\/p><\/li><li data-start=\"1633\" data-end=\"1673\"><p data-start=\"1635\" data-end=\"1673\">Lines around the eyes (crow\u2019s feet),<\/p><\/li><li data-start=\"1674\" data-end=\"1709\"><p data-start=\"1676\" data-end=\"1709\">Lines around the nose and lips,<\/p><\/li><li data-start=\"1710\" data-end=\"1732\"><p data-start=\"1712\" data-end=\"1732\">Lines on the neck.<\/p><\/li><\/ul><hr data-start=\"1734\" data-end=\"1737\" \/><p data-start=\"1739\" data-end=\"2274\"><strong data-start=\"1739\" data-end=\"1783\">BOTOX APPLICATION FOR MIGRAINE TREATMENT<\/strong><br data-start=\"1783\" data-end=\"1786\" \/>Migraine is a type of pain that can significantly disrupt a person\u2019s social life. It usually affects one part of the head, causing throbbing pain, blurred vision, sensitivity to light and sound, and has a significant negative impact on the individual. Migraine sufferers often face serious challenges in their social lives. In advanced cases, patients require treatment for migraine. Botulinum toxin has recently become a frequently used and effective application in migraine treatment.<\/p><hr data-start=\"2276\" data-end=\"2279\" \/><p data-start=\"2281\" data-end=\"2641\"><strong data-start=\"2281\" data-end=\"2335\">BOTOX APPLICATION FOR EXCESSIVE SWEATING TREATMENT<\/strong><br data-start=\"2335\" data-end=\"2338\" \/>Excessive sweating is a health and hygiene issue that can affect one-third of the population and lead to significant confidence problems. It often occurs without any underlying disease, with common causes including obesity, diabetes, high blood pressure, thyroid disorders, and genetic predisposition.<\/p><p data-start=\"2643\" data-end=\"3002\">People sweat in hot weather, during stress, or during sudden and strong emotional changes. Especially in summer, a person may sweat even while working in a cold environment. This is a physiological process. However, uncontrolled sweating can cause stains that create social difficulties. Excessive sweating can also lead to fungal and other skin infections.<\/p><p data-start=\"3004\" data-end=\"3200\">Many people live with this problem. Those who sweat excessively may experience up to ten times more sweating than normal. The most common areas affected are the face, underarms, hands, and feet.<\/p><p data-start=\"3202\" data-end=\"3416\">Botox is also used to treat excessive sweating. It effectively eliminates the problem of excessive sweating. This method is especially used for underarms, hands, and feet, and recently also for under the breasts.<\/p><p data-start=\"3418\" data-end=\"3709\">It is known that sweating can sometimes be triggered solely by stress, not just by heat. This can cause psychological and social discomfort, and for working individuals, it can be embarrassing. Applying perfume, deodorant, or similar products on a sweaty body can actually worsen the odor.<\/p>\t\t\t\t\t\t\t\t<\/div>\n\t\t\t\t\t<\/div>\n\t\t<\/div>\n\t\t\t\t\t<\/div>\n\t\t<\/section>\n\t\t\t\t\t<\/div>\n\t\t<\/div>\n\t\t\t\t\t<\/div>\n\t\t<\/section>\n\t\t\t\t<\/div>\n\t\t","protected":false},"excerpt":{"rendered":"<p>Botox WHAT IS BOTOX AND HOW IS IT DONE?Lines appear on our face as a result of facial muscle movements. With prolonged activity of these muscles, the lines become deeper. Botox is a procedure performed to eliminate these lines on the face. Wrinkles are most commonly seen on the forehead, around the eyes, and around [&hellip;]<\/p>\n","protected":false},"author":1,"featured_media":0,"parent":0,"menu_order":0,"comment_status":"closed","ping_status":"closed","template":"elementor_header_footer","meta":{"footnotes":""},"class_list":["post-3281","page","type-page","status-publish","hentry"],"_links":{"self":[{"href":"https:\/\/www.droktaytosun.com\/en\/wp-json\/wp\/v2\/pages\/3281","targetHints":{"allow":["GET"]}}],"collection":[{"href":"https:\/\/www.droktaytosun.com\/en\/wp-json\/wp\/v2\/pages"}],"about":[{"href":"https:\/\/www.droktaytosun.com\/en\/wp-json\/wp\/v2\/types\/page"}],"author":[{"embeddable":true,"href":"https:\/\/www.droktaytosun.com\/en\/wp-json\/wp\/v2\/users\/1"}],"replies":[{"embeddable":true,"href":"https:\/\/www.droktaytosun.com\/en\/wp-json\/wp\/v2\/comments?post=3281"}],"version-history":[{"count":13,"href":"https:\/\/www.droktaytosun.com\/en\/wp-json\/wp\/v2\/pages\/3281\/revisions"}],"predecessor-version":[{"id":3387,"href":"https:\/\/www.droktaytosun.com\/en\/wp-json\/wp\/v2\/pages\/3281\/revisions\/3387"}],"wp:attachment":[{"href":"https:\/\/www.droktaytosun.com\/en\/wp-json\/wp\/v2\/media?parent=3281"}],"curies":[{"name":"wp","href":"https:\/\/api.w.org\/{rel}","templated":true}]}}