{"id":3285,"date":"2025-12-13T11:39:43","date_gmt":"2025-12-13T11:39:43","guid":{"rendered":"https:\/\/www.droktaytosun.com\/en\/?page_id=3285"},"modified":"2025-12-29T12:15:11","modified_gmt":"2025-12-29T12:15:11","slug":"stem-cell","status":"publish","type":"page","link":"https:\/\/www.droktaytosun.com\/en\/stem-cell\/","title":{"rendered":"Stem Cell"},"content":{"rendered":"\t\t<div data-elementor-type=\"wp-post\" data-elementor-id=\"3285\" class=\"elementor elementor-3285\">\n\t\t\t\t\t\t<section class=\"elementor-section elementor-top-section elementor-element elementor-element-e8819a9 elementor-reverse-tablet elementor-reverse-mobile elementor-section-boxed elementor-section-height-default elementor-section-height-default\" data-id=\"e8819a9\" data-element_type=\"section\">\n\t\t\t\t\t\t<div class=\"elementor-container elementor-column-gap-default\">\n\t\t\t\t\t<div class=\"elementor-column elementor-col-50 elementor-top-column elementor-element elementor-element-e93d31b\" data-id=\"e93d31b\" data-element_type=\"column\">\n\t\t\t<div class=\"elementor-widget-wrap elementor-element-populated\">\n\t\t\t\t\t\t<div class=\"elementor-element elementor-element-d171e6e services_sidebar elementor-widget elementor-widget-sidebar\" data-id=\"d171e6e\" data-element_type=\"widget\" data-widget_type=\"sidebar.default\">\n\t\t\t\t\t<div id=\"nav_menu-1\" class=\"widget widget_nav_menu\"><h4 class=\"widget-title second_font\">Tedaviler<\/h4><div class=\"menu-sidebar-services-container\"><ul id=\"menu-sidebar-services\" class=\"menu\"><li id=\"menu-item-3329\" class=\"menu-item menu-item-type-post_type menu-item-object-page menu-item-3329\"><a title=\"Hair Mesotherapy\" href=\"https:\/\/www.droktaytosun.com\/en\/hair-mesotherapy\/\">Hair Mesotherapy<\/a><\/li>\n<li id=\"menu-item-3328\" class=\"menu-item menu-item-type-post_type menu-item-object-page menu-item-3328\"><a title=\"Botox\" href=\"https:\/\/www.droktaytosun.com\/en\/botox\/\">Botox<\/a><\/li>\n<li id=\"menu-item-3327\" class=\"menu-item menu-item-type-post_type menu-item-object-page menu-item-3327\"><a title=\"Stem Cell\" href=\"https:\/\/www.droktaytosun.com\/en\/stem-cell\/\">Stem Cell<\/a><\/li>\n<li id=\"menu-item-2211\" class=\"menu-item menu-item-type-post_type menu-item-object-page menu-item-2211\"><a title=\"Italian Style\" href=\"https:\/\/www.droktaytosun.com\/en\/italian-style\/\">Italian Style<\/a><\/li>\n<li id=\"menu-item-3325\" class=\"menu-item menu-item-type-post_type menu-item-object-page menu-item-3325\"><a title=\"Medical Services\" href=\"https:\/\/www.droktaytosun.com\/en\/medical-services\/\">Medical Services<\/a><\/li>\n<li id=\"menu-item-3326\" class=\"menu-item menu-item-type-post_type menu-item-object-page menu-item-3326\"><a title=\"Surgical Services\" href=\"https:\/\/www.droktaytosun.com\/en\/surgical-services\/\">Surgical Services<\/a><\/li>\n<\/ul><\/div><\/div><div id=\"custom_html-2\" class=\"widget_text widget widget_custom_html\"><div class=\"textwidget custom-html-widget\">\t<div class=\"brochures\">\n\t\t<p class=\"title second_font\">CONTACT FORM<\/p>\n\t\t<p class=\"desc\">Do not hesitate to contact us for any questions, suggestions, or collaboration. We will get back to you as soon as possible. As the team of Op. Dr. Oktay Tosun, we are here to establish strong communication with you and provide the solutions that best suit your needs.<\/p>\n\t\t\r\n\t<a class=\"button_sidebar\" href=\"\/iletisim\">\n\t\t<i class=\"far fa-file-pdf\"><\/i>\n\t\t<span>Contact Form<\/span>\n\t<\/a>\n\t\r\n\r\n\t<\/div>\n\t\r\n<\/div><\/div><div id=\"custom_html-3\" class=\"widget_text widget widget_custom_html\"><div class=\"textwidget custom-html-widget\">\t<div class=\"info_contact\">\n\t\t<p class=\"title second_font\">Size Nas\u0131l Yard\u0131mc\u0131 Olabiliriz?<\/p>\n\t\t<ul class=\"content\">\n\t\t\t\r\n\t<li>\n\t\t<i class=\"zmdi zmdi-phone\"><\/i>\n\t\t<span class=\"info\">+90 545 913 96 96<\/span>\n\t<\/li>\n\t\n\t\r\n\t<li>\n\t\t<i class=\"zmdi zmdi-email\"><\/i>\n\t\t<span class=\"info\">droktaytosunclinic@gmail.com<\/span>\n\t<\/li>\n\t\n\t\r\n\t<li>\n\t\t<i class=\"zmdi zmdi-pin\"><\/i>\n\t\t<span class=\"info\">15 Temmuz Mh. 148127. Sk. Melisa Villa No:2\/1 (Across from Primemall AVM) \u015eehitkamil \/ Gaziantep, Turkey<\/span>\n\t<\/li>\n\t\n\t\r\n\t\t<\/ul>\n\t<\/div>\n\t\r\n<\/div><\/div>\t\t\t\t<\/div>\n\t\t\t\t\t<\/div>\n\t\t<\/div>\n\t\t\t\t<div class=\"elementor-column elementor-col-50 elementor-top-column elementor-element elementor-element-4af4ec2\" data-id=\"4af4ec2\" data-element_type=\"column\">\n\t\t\t<div class=\"elementor-widget-wrap elementor-element-populated\">\n\t\t\t\t\t\t<section class=\"elementor-section elementor-inner-section elementor-element elementor-element-465aa4f elementor-section-boxed elementor-section-height-default elementor-section-height-default\" data-id=\"465aa4f\" data-element_type=\"section\">\n\t\t\t\t\t\t<div class=\"elementor-container elementor-column-gap-no\">\n\t\t\t\t\t<div class=\"elementor-column elementor-col-100 elementor-inner-column elementor-element elementor-element-33aebf4\" data-id=\"33aebf4\" data-element_type=\"column\">\n\t\t\t<div class=\"elementor-widget-wrap elementor-element-populated\">\n\t\t\t\t\t\t<div class=\"elementor-element elementor-element-5949d62 elementor-widget elementor-widget-image\" data-id=\"5949d62\" data-element_type=\"widget\" data-widget_type=\"image.default\">\n\t\t\t\t\t\t\t\t\t\t\t\t\t\t\t<img fetchpriority=\"high\" decoding=\"async\" width=\"825\" height=\"464\" src=\"https:\/\/www.droktaytosun.com\/en\/wp-content\/uploads\/2025\/12\/old_content_media_6dfcf67307103f91f263a24f58dac37b1.webp\" class=\"attachment-full size-full wp-image-3286\" alt=\"\" srcset=\"https:\/\/www.droktaytosun.com\/en\/wp-content\/uploads\/2025\/12\/old_content_media_6dfcf67307103f91f263a24f58dac37b1.webp 825w, https:\/\/www.droktaytosun.com\/en\/wp-content\/uploads\/2025\/12\/old_content_media_6dfcf67307103f91f263a24f58dac37b1-300x169.webp 300w, https:\/\/www.droktaytosun.com\/en\/wp-content\/uploads\/2025\/12\/old_content_media_6dfcf67307103f91f263a24f58dac37b1-768x432.webp 768w\" sizes=\"(max-width: 825px) 100vw, 825px\" \/>\t\t\t\t\t\t\t\t\t\t\t\t\t\t\t<\/div>\n\t\t\t\t<div class=\"elementor-element elementor-element-4d3e55e elementor-widget elementor-widget-heading\" data-id=\"4d3e55e\" data-element_type=\"widget\" data-widget_type=\"heading.default\">\n\t\t\t\t\t<span class=\"elementor-heading-title elementor-size-default\">OP. DR. OKTAY TOSUN: Stem Cell<\/span>\t\t\t\t<\/div>\n\t\t\t\t\t<\/div>\n\t\t<\/div>\n\t\t\t\t\t<\/div>\n\t\t<\/section>\n\t\t\t\t<section class=\"elementor-section elementor-inner-section elementor-element elementor-element-595b1ca elementor-section-boxed elementor-section-height-default elementor-section-height-default\" data-id=\"595b1ca\" data-element_type=\"section\">\n\t\t\t\t\t\t<div class=\"elementor-container elementor-column-gap-default\">\n\t\t\t\t\t<div class=\"elementor-column elementor-col-100 elementor-inner-column elementor-element elementor-element-2443455\" data-id=\"2443455\" data-element_type=\"column\">\n\t\t\t<div class=\"elementor-widget-wrap elementor-element-populated\">\n\t\t\t\t\t\t<div class=\"elementor-element elementor-element-03f76a5 elementor-widget elementor-widget-text-editor\" data-id=\"03f76a5\" data-element_type=\"widget\" data-widget_type=\"text-editor.default\">\n\t\t\t\t\t\t\t\t\t<p data-start=\"44\" data-end=\"396\"><strong data-start=\"44\" data-end=\"66\">WHAT IS STEM CELL?<\/strong><br data-start=\"66\" data-end=\"69\" \/>Stem cells are, in short, the cells that make up the structure of tissues and organs in the human body.<br data-start=\"172\" data-end=\"175\" \/>Stem cells can transform into all types of cells present in the body.<br data-start=\"244\" data-end=\"247\" \/>Therefore, they have the ability to repair damaged tissues.<br data-start=\"306\" data-end=\"309\" \/>Stem cell therapy is used in the treatment of many diseases in the field of medicine.<\/p><hr data-start=\"398\" data-end=\"401\" \/><p data-start=\"403\" data-end=\"717\"><strong data-start=\"403\" data-end=\"452\">PROTECT YOUR EXISTING HAIR AND GAIN NEW HAIR!<\/strong><br data-start=\"452\" data-end=\"455\" \/>Our hair is an essential part of an attractive appearance.<br data-start=\"513\" data-end=\"516\" \/>However, over time, hair can thin and fall out. The main reason behind this is the insufficient nourishment of hair follicles and the inability of stem cells to meet the renewal needs in these areas.<\/p><p data-start=\"719\" data-end=\"846\">At this point, stem cell technology\u2014which has been growing rapidly in skin rejuvenation\u2014also shows positive results for hair.<\/p><p data-start=\"848\" data-end=\"1189\">Stem cell treatment stops hair loss, protects your existing hair, helps you gain new hair in bald areas, and thickens your current hair.<br data-start=\"984\" data-end=\"987\" \/>Stem cell hair transplantation is an organic and innovative approach.<br data-start=\"1056\" data-end=\"1059\" \/>Stem cell hair transplantation can be applied to all men and women over 20 years old, when hormone levels have reached baseline.<\/p><hr data-start=\"1191\" data-end=\"1194\" \/><p data-start=\"1196\" data-end=\"1254\"><strong data-start=\"1196\" data-end=\"1252\">WHO CAN BENEFIT FROM STEM CELL HAIR TRANSPLANTATION?<\/strong><\/p><ul data-start=\"1255\" data-end=\"1475\"><li data-start=\"1255\" data-end=\"1306\"><p data-start=\"1257\" data-end=\"1306\">Those with ongoing hair loss and thinning hair,<\/p><\/li><li data-start=\"1307\" data-end=\"1404\"><p data-start=\"1309\" data-end=\"1404\">Those with insufficient donor areas, making traditional hair transplantation less successful,<\/p><\/li><li data-start=\"1405\" data-end=\"1475\"><p data-start=\"1407\" data-end=\"1475\">Women with thinning hair who want to undergo hair transplantation.<\/p><\/li><\/ul><p data-start=\"1477\" data-end=\"1493\"><strong data-start=\"1477\" data-end=\"1491\">Procedure:<\/strong><\/p><ol data-start=\"1494\" data-end=\"1785\"><li data-start=\"1494\" data-end=\"1566\"><p data-start=\"1497\" data-end=\"1566\"><strong data-start=\"1497\" data-end=\"1516\">Fat Harvesting:<\/strong> 50\u2013100 cc of fat is taken from your waist area.<\/p><\/li><li data-start=\"1567\" data-end=\"1636\"><p data-start=\"1570\" data-end=\"1636\"><strong data-start=\"1570\" data-end=\"1585\">Separation:<\/strong> Stem cells are separated from the harvested fat.<\/p><\/li><li data-start=\"1637\" data-end=\"1711\"><p data-start=\"1640\" data-end=\"1711\"><strong data-start=\"1640\" data-end=\"1655\">Activation:<\/strong> Stem cells are activated in a laboratory environment.<\/p><\/li><li data-start=\"1712\" data-end=\"1785\"><p data-start=\"1715\" data-end=\"1785\"><strong data-start=\"1715\" data-end=\"1729\">Injection:<\/strong> Activated stem cells are injected into the hair area.<\/p><\/li><\/ol><p data-start=\"1787\" data-end=\"1801\"><strong data-start=\"1787\" data-end=\"1799\">Results:<\/strong><\/p><ul data-start=\"1802\" data-end=\"1875\"><li data-start=\"1802\" data-end=\"1845\"><p data-start=\"1804\" data-end=\"1845\">Rejuvenated and repaired hair follicles<\/p><\/li><li data-start=\"1846\" data-end=\"1875\"><p data-start=\"1848\" data-end=\"1875\">Stronger and thicker hair<\/p><\/li><\/ul>\t\t\t\t\t\t\t\t<\/div>\n\t\t\t\t\t<\/div>\n\t\t<\/div>\n\t\t\t\t\t<\/div>\n\t\t<\/section>\n\t\t\t\t\t<\/div>\n\t\t<\/div>\n\t\t\t\t\t<\/div>\n\t\t<\/section>\n\t\t\t\t<\/div>\n\t\t","protected":false},"excerpt":{"rendered":"<p>OP. DR. OKTAY TOSUN: Stem Cell WHAT IS STEM CELL?Stem cells are, in short, the cells that make up the structure of tissues and organs in the human body.Stem cells can transform into all types of cells present in the body.Therefore, they have the ability to repair damaged tissues.Stem cell therapy is used in the [&hellip;]<\/p>\n","protected":false},"author":1,"featured_media":0,"parent":0,"menu_order":0,"comment_status":"closed","ping_status":"closed","template":"elementor_header_footer","meta":{"footnotes":""},"class_list":["post-3285","page","type-page","status-publish","hentry"],"_links":{"self":[{"href":"https:\/\/www.droktaytosun.com\/en\/wp-json\/wp\/v2\/pages\/3285","targetHints":{"allow":["GET"]}}],"collection":[{"href":"https:\/\/www.droktaytosun.com\/en\/wp-json\/wp\/v2\/pages"}],"about":[{"href":"https:\/\/www.droktaytosun.com\/en\/wp-json\/wp\/v2\/types\/page"}],"author":[{"embeddable":true,"href":"https:\/\/www.droktaytosun.com\/en\/wp-json\/wp\/v2\/users\/1"}],"replies":[{"embeddable":true,"href":"https:\/\/www.droktaytosun.com\/en\/wp-json\/wp\/v2\/comments?post=3285"}],"version-history":[{"count":7,"href":"https:\/\/www.droktaytosun.com\/en\/wp-json\/wp\/v2\/pages\/3285\/revisions"}],"predecessor-version":[{"id":3394,"href":"https:\/\/www.droktaytosun.com\/en\/wp-json\/wp\/v2\/pages\/3285\/revisions\/3394"}],"wp:attachment":[{"href":"https:\/\/www.droktaytosun.com\/en\/wp-json\/wp\/v2\/media?parent=3285"}],"curies":[{"name":"wp","href":"https:\/\/api.w.org\/{rel}","templated":true}]}}