{"id":3293,"date":"2025-12-15T09:59:16","date_gmt":"2025-12-15T09:59:16","guid":{"rendered":"https:\/\/www.droktaytosun.com\/en\/?page_id=3293"},"modified":"2025-12-29T12:20:21","modified_gmt":"2025-12-29T12:20:21","slug":"medical-services","status":"publish","type":"page","link":"https:\/\/www.droktaytosun.com\/en\/medical-services\/","title":{"rendered":"Medical Services"},"content":{"rendered":"\t\t<div data-elementor-type=\"wp-post\" data-elementor-id=\"3293\" class=\"elementor elementor-3293\">\n\t\t\t\t\t\t<section class=\"elementor-section elementor-top-section elementor-element elementor-element-e8819a9 elementor-reverse-tablet elementor-reverse-mobile elementor-section-boxed elementor-section-height-default elementor-section-height-default\" data-id=\"e8819a9\" data-element_type=\"section\">\n\t\t\t\t\t\t<div class=\"elementor-container elementor-column-gap-default\">\n\t\t\t\t\t<div class=\"elementor-column elementor-col-50 elementor-top-column elementor-element elementor-element-e93d31b\" data-id=\"e93d31b\" data-element_type=\"column\">\n\t\t\t<div class=\"elementor-widget-wrap elementor-element-populated\">\n\t\t\t\t\t\t<div class=\"elementor-element elementor-element-d171e6e services_sidebar elementor-widget elementor-widget-sidebar\" data-id=\"d171e6e\" data-element_type=\"widget\" data-widget_type=\"sidebar.default\">\n\t\t\t\t\t<div id=\"nav_menu-1\" class=\"widget widget_nav_menu\"><h4 class=\"widget-title second_font\">Tedaviler<\/h4><div class=\"menu-sidebar-services-container\"><ul id=\"menu-sidebar-services\" class=\"menu\"><li id=\"menu-item-3329\" class=\"menu-item menu-item-type-post_type menu-item-object-page menu-item-3329\"><a title=\"Hair Mesotherapy\" href=\"https:\/\/www.droktaytosun.com\/en\/hair-mesotherapy\/\">Hair Mesotherapy<\/a><\/li>\n<li id=\"menu-item-3328\" class=\"menu-item menu-item-type-post_type menu-item-object-page menu-item-3328\"><a title=\"Botox\" href=\"https:\/\/www.droktaytosun.com\/en\/botox\/\">Botox<\/a><\/li>\n<li id=\"menu-item-3327\" class=\"menu-item menu-item-type-post_type menu-item-object-page menu-item-3327\"><a title=\"Stem Cell\" href=\"https:\/\/www.droktaytosun.com\/en\/stem-cell\/\">Stem Cell<\/a><\/li>\n<li id=\"menu-item-2211\" class=\"menu-item menu-item-type-post_type menu-item-object-page menu-item-2211\"><a title=\"Italian Style\" href=\"https:\/\/www.droktaytosun.com\/en\/italian-style\/\">Italian Style<\/a><\/li>\n<li id=\"menu-item-3325\" class=\"menu-item menu-item-type-post_type menu-item-object-page menu-item-3325\"><a title=\"Medical Services\" href=\"https:\/\/www.droktaytosun.com\/en\/medical-services\/\">Medical Services<\/a><\/li>\n<li id=\"menu-item-3326\" class=\"menu-item menu-item-type-post_type menu-item-object-page menu-item-3326\"><a title=\"Surgical Services\" href=\"https:\/\/www.droktaytosun.com\/en\/surgical-services\/\">Surgical Services<\/a><\/li>\n<\/ul><\/div><\/div><div id=\"custom_html-2\" class=\"widget_text widget widget_custom_html\"><div class=\"textwidget custom-html-widget\">\t<div class=\"brochures\">\n\t\t<p class=\"title second_font\">CONTACT FORM<\/p>\n\t\t<p class=\"desc\">Do not hesitate to contact us for any questions, suggestions, or collaboration. We will get back to you as soon as possible. As the team of Op. Dr. Oktay Tosun, we are here to establish strong communication with you and provide the solutions that best suit your needs.<\/p>\n\t\t\r\n\t<a class=\"button_sidebar\" href=\"\/iletisim\">\n\t\t<i class=\"far fa-file-pdf\"><\/i>\n\t\t<span>Contact Form<\/span>\n\t<\/a>\n\t\r\n\r\n\t<\/div>\n\t\r\n<\/div><\/div><div id=\"custom_html-3\" class=\"widget_text widget widget_custom_html\"><div class=\"textwidget custom-html-widget\">\t<div class=\"info_contact\">\n\t\t<p class=\"title second_font\">Size Nas\u0131l Yard\u0131mc\u0131 Olabiliriz?<\/p>\n\t\t<ul class=\"content\">\n\t\t\t\r\n\t<li>\n\t\t<i class=\"zmdi zmdi-phone\"><\/i>\n\t\t<span class=\"info\">+90 545 913 96 96<\/span>\n\t<\/li>\n\t\n\t\r\n\t<li>\n\t\t<i class=\"zmdi zmdi-email\"><\/i>\n\t\t<span class=\"info\">droktaytosunclinic@gmail.com<\/span>\n\t<\/li>\n\t\n\t\r\n\t<li>\n\t\t<i class=\"zmdi zmdi-pin\"><\/i>\n\t\t<span class=\"info\">15 Temmuz Mh. 148127. Sk. Melisa Villa No:2\/1 (Across from Primemall AVM) \u015eehitkamil \/ Gaziantep, Turkey<\/span>\n\t<\/li>\n\t\n\t\r\n\t\t<\/ul>\n\t<\/div>\n\t\r\n<\/div><\/div>\t\t\t\t<\/div>\n\t\t\t\t\t<\/div>\n\t\t<\/div>\n\t\t\t\t<div class=\"elementor-column elementor-col-50 elementor-top-column elementor-element elementor-element-4af4ec2\" data-id=\"4af4ec2\" data-element_type=\"column\">\n\t\t\t<div class=\"elementor-widget-wrap elementor-element-populated\">\n\t\t\t\t\t\t<section class=\"elementor-section elementor-inner-section elementor-element elementor-element-465aa4f elementor-section-boxed elementor-section-height-default elementor-section-height-default\" data-id=\"465aa4f\" data-element_type=\"section\">\n\t\t\t\t\t\t<div class=\"elementor-container elementor-column-gap-no\">\n\t\t\t\t\t<div class=\"elementor-column elementor-col-100 elementor-inner-column elementor-element elementor-element-33aebf4\" data-id=\"33aebf4\" data-element_type=\"column\">\n\t\t\t<div class=\"elementor-widget-wrap elementor-element-populated\">\n\t\t\t\t\t\t<div class=\"elementor-element elementor-element-5949d62 elementor-widget elementor-widget-image\" data-id=\"5949d62\" data-element_type=\"widget\" data-widget_type=\"image.default\">\n\t\t\t\t\t\t\t\t\t\t\t\t\t\t\t<img fetchpriority=\"high\" decoding=\"async\" width=\"1170\" height=\"534\" src=\"https:\/\/www.droktaytosun.com\/en\/wp-content\/uploads\/2025\/12\/Adsiz-tasarim-28-1170x5341-1.jpg\" class=\"attachment-full size-full wp-image-3295\" alt=\"\" srcset=\"https:\/\/www.droktaytosun.com\/en\/wp-content\/uploads\/2025\/12\/Adsiz-tasarim-28-1170x5341-1.jpg 1170w, https:\/\/www.droktaytosun.com\/en\/wp-content\/uploads\/2025\/12\/Adsiz-tasarim-28-1170x5341-1-300x137.jpg 300w, https:\/\/www.droktaytosun.com\/en\/wp-content\/uploads\/2025\/12\/Adsiz-tasarim-28-1170x5341-1-1024x467.jpg 1024w, https:\/\/www.droktaytosun.com\/en\/wp-content\/uploads\/2025\/12\/Adsiz-tasarim-28-1170x5341-1-768x351.jpg 768w\" sizes=\"(max-width: 1170px) 100vw, 1170px\" \/>\t\t\t\t\t\t\t\t\t\t\t\t\t\t\t<\/div>\n\t\t\t\t<div class=\"elementor-element elementor-element-4d3e55e elementor-widget elementor-widget-heading\" data-id=\"4d3e55e\" data-element_type=\"widget\" data-widget_type=\"heading.default\">\n\t\t\t\t\t<span class=\"elementor-heading-title elementor-size-default\">Medical Services\n<\/span>\t\t\t\t<\/div>\n\t\t\t\t\t<\/div>\n\t\t<\/div>\n\t\t\t\t\t<\/div>\n\t\t<\/section>\n\t\t\t\t<section class=\"elementor-section elementor-inner-section elementor-element elementor-element-595b1ca elementor-section-boxed elementor-section-height-default elementor-section-height-default\" data-id=\"595b1ca\" data-element_type=\"section\">\n\t\t\t\t\t\t<div class=\"elementor-container elementor-column-gap-default\">\n\t\t\t\t\t<div class=\"elementor-column elementor-col-100 elementor-inner-column elementor-element elementor-element-2443455\" data-id=\"2443455\" data-element_type=\"column\">\n\t\t\t<div class=\"elementor-widget-wrap elementor-element-populated\">\n\t\t\t\t\t\t<div class=\"elementor-element elementor-element-03f76a5 elementor-widget elementor-widget-text-editor\" data-id=\"03f76a5\" data-element_type=\"widget\" data-widget_type=\"text-editor.default\">\n\t\t\t\t\t\t\t\t\t<p data-start=\"44\" data-end=\"70\"><strong data-start=\"44\" data-end=\"68\">OUR MEDICAL SERVICES<\/strong><\/p><ul data-start=\"71\" data-end=\"551\"><li data-start=\"71\" data-end=\"107\"><p data-start=\"73\" data-end=\"107\">Non-Surgical Facial Rejuvenation<\/p><\/li><li data-start=\"108\" data-end=\"134\"><p data-start=\"110\" data-end=\"134\">Stem Cell Rejuvenation<\/p><\/li><li data-start=\"135\" data-end=\"163\"><p data-start=\"137\" data-end=\"163\">Stem Cell Hair Treatment<\/p><\/li><li data-start=\"164\" data-end=\"190\"><p data-start=\"166\" data-end=\"190\">Hair Mesotherapy &amp; PRP<\/p><\/li><li data-start=\"191\" data-end=\"216\"><p data-start=\"193\" data-end=\"216\">Spider Vein Treatment<\/p><\/li><li data-start=\"217\" data-end=\"246\"><p data-start=\"219\" data-end=\"246\">Thread Lift &amp; French Lift<\/p><\/li><li data-start=\"247\" data-end=\"283\"><p data-start=\"249\" data-end=\"283\">Facial Rejuvenation with Fillers<\/p><\/li><li data-start=\"284\" data-end=\"299\"><p data-start=\"286\" data-end=\"299\">Lip Fillers<\/p><\/li><li data-start=\"300\" data-end=\"327\"><p data-start=\"302\" data-end=\"327\">Under-Eye Light Fillers<\/p><\/li><li data-start=\"328\" data-end=\"345\"><p data-start=\"330\" data-end=\"345\">Cheek Fillers<\/p><\/li><li data-start=\"346\" data-end=\"362\"><p data-start=\"348\" data-end=\"362\">Nose Fillers<\/p><\/li><li data-start=\"363\" data-end=\"379\"><p data-start=\"365\" data-end=\"379\">Chin Fillers<\/p><\/li><li data-start=\"380\" data-end=\"398\"><p data-start=\"382\" data-end=\"398\">Temple Fillers<\/p><\/li><li data-start=\"399\" data-end=\"418\"><p data-start=\"401\" data-end=\"418\">Jawline Fillers<\/p><\/li><li data-start=\"419\" data-end=\"441\"><p data-start=\"421\" data-end=\"441\">Genital Aesthetics<\/p><\/li><li data-start=\"442\" data-end=\"482\"><p data-start=\"444\" data-end=\"482\">Gold Needle, Radiofrequency Slimming<\/p><\/li><li data-start=\"483\" data-end=\"499\"><p data-start=\"485\" data-end=\"499\">Medical Care<\/p><\/li><li data-start=\"500\" data-end=\"531\"><p data-start=\"502\" data-end=\"531\">Skin Rejuvenation &amp; Renewal<\/p><\/li><li data-start=\"532\" data-end=\"551\"><p data-start=\"534\" data-end=\"551\">Mini Tummy Tuck<\/p><\/li><\/ul>\t\t\t\t\t\t\t\t<\/div>\n\t\t\t\t\t<\/div>\n\t\t<\/div>\n\t\t\t\t\t<\/div>\n\t\t<\/section>\n\t\t\t\t\t<\/div>\n\t\t<\/div>\n\t\t\t\t\t<\/div>\n\t\t<\/section>\n\t\t\t\t<\/div>\n\t\t","protected":false},"excerpt":{"rendered":"<p>Medical Services OUR MEDICAL SERVICES Non-Surgical Facial Rejuvenation Stem Cell Rejuvenation Stem Cell Hair Treatment Hair Mesotherapy &amp; PRP Spider Vein Treatment Thread Lift &amp; French Lift Facial Rejuvenation with Fillers Lip Fillers Under-Eye Light Fillers Cheek Fillers Nose Fillers Chin Fillers Temple Fillers Jawline Fillers Genital Aesthetics Gold Needle, Radiofrequency Slimming Medical Care Skin [&hellip;]<\/p>\n","protected":false},"author":1,"featured_media":0,"parent":0,"menu_order":0,"comment_status":"closed","ping_status":"closed","template":"elementor_header_footer","meta":{"footnotes":""},"class_list":["post-3293","page","type-page","status-publish","hentry"],"_links":{"self":[{"href":"https:\/\/www.droktaytosun.com\/en\/wp-json\/wp\/v2\/pages\/3293","targetHints":{"allow":["GET"]}}],"collection":[{"href":"https:\/\/www.droktaytosun.com\/en\/wp-json\/wp\/v2\/pages"}],"about":[{"href":"https:\/\/www.droktaytosun.com\/en\/wp-json\/wp\/v2\/types\/page"}],"author":[{"embeddable":true,"href":"https:\/\/www.droktaytosun.com\/en\/wp-json\/wp\/v2\/users\/1"}],"replies":[{"embeddable":true,"href":"https:\/\/www.droktaytosun.com\/en\/wp-json\/wp\/v2\/comments?post=3293"}],"version-history":[{"count":7,"href":"https:\/\/www.droktaytosun.com\/en\/wp-json\/wp\/v2\/pages\/3293\/revisions"}],"predecessor-version":[{"id":3406,"href":"https:\/\/www.droktaytosun.com\/en\/wp-json\/wp\/v2\/pages\/3293\/revisions\/3406"}],"wp:attachment":[{"href":"https:\/\/www.droktaytosun.com\/en\/wp-json\/wp\/v2\/media?parent=3293"}],"curies":[{"name":"wp","href":"https:\/\/api.w.org\/{rel}","templated":true}]}}