{"id":809,"date":"2019-05-22T08:54:13","date_gmt":"2019-05-22T08:54:13","guid":{"rendered":"https:\/\/www.droktaytosun.com\/en\/?page_id=809"},"modified":"2025-12-29T11:58:35","modified_gmt":"2025-12-29T11:58:35","slug":"contact","status":"publish","type":"page","link":"https:\/\/www.droktaytosun.com\/en\/contact\/","title":{"rendered":"Contact"},"content":{"rendered":"\t\t<div data-elementor-type=\"wp-post\" data-elementor-id=\"809\" class=\"elementor elementor-809\">\n\t\t\t\t\t\t<section class=\"elementor-section elementor-top-section elementor-element elementor-element-44276d3 elementor-section-boxed elementor-section-height-default elementor-section-height-default\" data-id=\"44276d3\" data-element_type=\"section\">\n\t\t\t\t\t\t<div class=\"elementor-container elementor-column-gap-default\">\n\t\t\t\t\t<div class=\"elementor-column elementor-col-50 elementor-top-column elementor-element elementor-element-184fe03\" data-id=\"184fe03\" data-element_type=\"column\">\n\t\t\t<div class=\"elementor-widget-wrap elementor-element-populated\">\n\t\t\t\t\t\t<div class=\"elementor-element elementor-element-7757dd0 elementor-widget elementor-widget-ova_heading\" data-id=\"7757dd0\" data-element_type=\"widget\" data-widget_type=\"ova_heading.default\">\n\t\t\t\t<div class=\"elementor-widget-container\">\n\t\t\t\t\t\t\t<div class=\"ova-heading\">\n\t\t\t\t\t\t\t<h4 class=\"sub-title second_font\"><span><\/span>CONTACT FORM<\/h4>\n\t\t\t\t\t\t\n\t\t\t\t\t\t\t<div class=\"desc\"><p data-start=\"23\" data-end=\"162\">Do not hesitate to contact us for any questions, suggestions, or collaboration inquiries. We will get back to you as soon as possible.<\/p><p data-start=\"169\" data-end=\"312\">As the Op. Dr. Oktay Tosun team, we are here to build strong communication with you and to offer the most suitable solutions for your needs.<\/p><\/div>\n\t\t\t\t\t\t\t\t<\/div>\n\t\t\t\t\t\t<\/div>\n\t\t\t\t<\/div>\n\t\t\t\t<div class=\"elementor-element elementor-element-1b89d63 elementor-widget elementor-widget-shortcode\" data-id=\"1b89d63\" data-element_type=\"widget\" data-widget_type=\"shortcode.default\">\n\t\t\t\t\t\t\t<div class=\"elementor-shortcode\">\n<div class=\"wpcf7 no-js\" id=\"wpcf7-f826-o1\" lang=\"en-US\" dir=\"ltr\" data-wpcf7-id=\"826\">\n<div class=\"screen-reader-response\"><p role=\"status\" aria-live=\"polite\" aria-atomic=\"true\"><\/p> <ul><\/ul><\/div>\n<form action=\"\/en\/wp-json\/wp\/v2\/pages\/809#wpcf7-f826-o1\" method=\"post\" class=\"wpcf7-form init\" aria-label=\"Contact form\" novalidate=\"novalidate\" data-status=\"init\">\n<fieldset class=\"hidden-fields-container\"><input type=\"hidden\" name=\"_wpcf7\" value=\"826\" \/><input type=\"hidden\" name=\"_wpcf7_version\" value=\"6.1.4\" \/><input type=\"hidden\" name=\"_wpcf7_locale\" value=\"en_US\" \/><input type=\"hidden\" name=\"_wpcf7_unit_tag\" value=\"wpcf7-f826-o1\" \/><input type=\"hidden\" name=\"_wpcf7_container_post\" value=\"0\" \/><input type=\"hidden\" name=\"_wpcf7_posted_data_hash\" value=\"\" \/>\n<\/fieldset>\n<div class=\"contact-4\">\n\t<div class=\"con-1\">\n\t\t<div class=\"name\">\n\t\t\t<p><label>Ad\u0131n\u0131z *<span class=\"wpcf7-form-control-wrap\" data-name=\"your-first-name\"><input size=\"40\" maxlength=\"400\" class=\"wpcf7-form-control wpcf7-text wpcf7-validates-as-required\" aria-required=\"true\" aria-invalid=\"false\" value=\"\" type=\"text\" name=\"your-first-name\" \/><\/span><\/label>\n\t\t\t<\/p>\n\t\t<\/div>\n\t\t<div class=\"name\">\n\t\t\t<p><label>Syad\u0131n\u0131z *<span class=\"wpcf7-form-control-wrap\" data-name=\"your-last-name\"><input size=\"40\" maxlength=\"400\" class=\"wpcf7-form-control wpcf7-text wpcf7-validates-as-required\" aria-required=\"true\" aria-invalid=\"false\" value=\"\" type=\"text\" name=\"your-last-name\" \/><\/span><\/label>\n\t\t\t<\/p>\n\t\t<\/div>\n\t<\/div>\n\t<div class=\"con-1\">\n\t\t<div class=\"email\">\n\t\t\t<p><label>Email Adresiniz*<span class=\"wpcf7-form-control-wrap\" data-name=\"your-email\"><input size=\"40\" maxlength=\"400\" class=\"wpcf7-form-control wpcf7-email wpcf7-validates-as-required wpcf7-text wpcf7-validates-as-email\" aria-required=\"true\" aria-invalid=\"false\" value=\"\" type=\"email\" name=\"your-email\" \/><\/span><\/label>\n\t\t\t<\/p>\n\t\t<\/div>\n\t\t<div class=\"phone\">\n\t\t\t<p><label>Telefon Numaran\u0131z *<span class=\"wpcf7-form-control-wrap\" data-name=\"your-phone-number\"><input size=\"40\" maxlength=\"400\" class=\"wpcf7-form-control wpcf7-text wpcf7-validates-as-required\" aria-required=\"true\" aria-invalid=\"false\" value=\"\" type=\"text\" name=\"your-phone-number\" \/><\/span><\/label>\n\t\t\t<\/p>\n\t\t<\/div>\n\t<\/div>\n\t<div class=\"con-2\">\n\t\t<p><label>Konu<span class=\"wpcf7-form-control-wrap\" data-name=\"subject\"><input size=\"40\" maxlength=\"400\" class=\"wpcf7-form-control wpcf7-text wpcf7-validates-as-required\" aria-required=\"true\" aria-invalid=\"false\" value=\"\" type=\"text\" name=\"subject\" \/><\/span><\/label>\n\t\t<\/p>\n\t<\/div>\n\t<div class=\"con-2\">\n\t\t<p><label>Mesaj\u0131n\u0131z<span class=\"wpcf7-form-control-wrap\" data-name=\"your-message\"><textarea cols=\"40\" rows=\"10\" maxlength=\"2000\" class=\"wpcf7-form-control wpcf7-textarea\" aria-invalid=\"false\" name=\"your-message\"><\/textarea><\/span><\/label>\n\t\t<\/p>\n\t<\/div>\n\t<p><input class=\"wpcf7-form-control wpcf7-submit has-spinner\" type=\"submit\" value=\"G\u00d6NDER\" \/>\n\t<\/p>\n<\/div><div class=\"wpcf7-response-output\" aria-hidden=\"true\"><\/div>\n<\/form>\n<\/div>\n<\/div>\n\t\t\t\t\t\t<\/div>\n\t\t\t\t\t<\/div>\n\t\t<\/div>\n\t\t\t\t<div class=\"elementor-column elementor-col-50 elementor-top-column elementor-element elementor-element-c435a77\" data-id=\"c435a77\" data-element_type=\"column\">\n\t\t\t<div class=\"elementor-widget-wrap elementor-element-populated\">\n\t\t\t\t\t\t<section class=\"elementor-section elementor-inner-section elementor-element elementor-element-5bd18db elementor-section-boxed elementor-section-height-default elementor-section-height-default\" data-id=\"5bd18db\" data-element_type=\"section\">\n\t\t\t\t\t\t<div class=\"elementor-container elementor-column-gap-default\">\n\t\t\t\t\t<div class=\"elementor-column elementor-col-50 elementor-inner-column elementor-element elementor-element-a6c523f\" data-id=\"a6c523f\" data-element_type=\"column\">\n\t\t\t<div class=\"elementor-widget-wrap elementor-element-populated\">\n\t\t\t\t\t\t<div class=\"elementor-element elementor-element-07904f9 elementor-widget elementor-widget-ova_contact\" data-id=\"07904f9\" data-element_type=\"widget\" data-widget_type=\"ova_contact.default\">\n\t\t\t\t<div class=\"elementor-widget-container\">\n\t\t\t\t\t\t\t\t\t\t<div class=\"ova-contact version_2\">\n\t\t\t\t\t\t\t\t\t\t\t\t\t<div class=\"ova-title\">\n\t\t\t\t\t\t<p class=\"title\">Our Address:<\/p>\n\t\t\t\t\t<\/div>\n\t\t\t\t\t\t\t\t<ul class=\"contact\">\n\t\t\t\t\t\t\t\t\t\t\t<li>15 Temmuz Mh.148127. Sk. Melisa Villa No:2\/1 (Primemall AVM Kar\u015f\u0131s\u0131) \u015eehitkamil\/Gaziantep<\/li>\n\t\t\t\t\t\t\t\t\t\t\t\t<\/ul>\n\t\t<\/div>\n\t\t\t\t\t\t<\/div>\n\t\t\t\t<\/div>\n\t\t\t\t\t<\/div>\n\t\t<\/div>\n\t\t\t\t<div class=\"elementor-column elementor-col-50 elementor-inner-column elementor-element elementor-element-6d51b52\" data-id=\"6d51b52\" data-element_type=\"column\">\n\t\t\t<div class=\"elementor-widget-wrap elementor-element-populated\">\n\t\t\t\t\t\t<div class=\"elementor-element elementor-element-f8b98af elementor-widget elementor-widget-ova_contact\" data-id=\"f8b98af\" data-element_type=\"widget\" data-widget_type=\"ova_contact.default\">\n\t\t\t\t<div class=\"elementor-widget-container\">\n\t\t\t\t\t\t\t\t\t\t<div class=\"ova-contact version_2\">\n\t\t\t\t\t\t\t\t\t\t\t\t\t<div class=\"ova-title\">\n\t\t\t\t\t\t<p class=\"title\">Contact Us<\/p>\n\t\t\t\t\t<\/div>\n\t\t\t\t\t\t\t\t<ul class=\"contact\">\n\t\t\t\t\t\t\t\t\t\t\t<li>0545 913 96 96<\/li>\n\t\t\t\t\t\t\t\t\t\t\t<li>0 545 913 96 96 <\/li>\n\t\t\t\t\t\t\t\t\t\t\t<li><a href='mailto:info@droktaytosun.com'>info@droktaytosun.com<\/a><\/li>\n\t\t\t\t\t\t\t\t\t\t\t\t<\/ul>\n\t\t<\/div>\n\t\t\t\t\t\t<\/div>\n\t\t\t\t<\/div>\n\t\t\t\t\t<\/div>\n\t\t<\/div>\n\t\t\t\t\t<\/div>\n\t\t<\/section>\n\t\t\t\t<div class=\"elementor-element elementor-element-942bb81 elementor-widget elementor-widget-google_maps\" data-id=\"942bb81\" data-element_type=\"widget\" data-widget_type=\"google_maps.default\">\n\t\t\t\t\t\t\t<div class=\"elementor-custom-embed\">\n\t\t\t<iframe loading=\"lazy\"\n\t\t\t\t\tsrc=\"https:\/\/maps.google.com\/maps?q=Op.%20Dr.%20Oktay%20Tosun%2C%20Melisa%20Villa%2C%2015%20Temmuz%2C%20148127%20Sk%20No%3A2%2F1%2C%2027500%20%C5%9Eehitkamil%2FGaziantep&#038;t=m&#038;z=16&#038;output=embed&#038;iwloc=near\"\n\t\t\t\t\ttitle=\"Op. Dr. Oktay Tosun, Melisa Villa, 15 Temmuz, 148127 Sk No:2\/1, 27500 \u015eehitkamil\/Gaziantep\"\n\t\t\t\t\taria-label=\"Op. Dr. Oktay Tosun, Melisa Villa, 15 Temmuz, 148127 Sk No:2\/1, 27500 \u015eehitkamil\/Gaziantep\"\n\t\t\t><\/iframe>\n\t\t<\/div>\n\t\t\t\t\t\t<\/div>\n\t\t\t\t\t<\/div>\n\t\t<\/div>\n\t\t\t\t\t<\/div>\n\t\t<\/section>\n\t\t\t\t<\/div>\n\t\t","protected":false},"excerpt":{"rendered":"<p>CONTACT FORM Do not hesitate to contact us for any questions, suggestions, or collaboration inquiries. We will get back to you as soon as possible. As the Op. Dr. Oktay Tosun team, we are here to build strong communication with you and to offer the most suitable solutions for your needs. Our Address: 15 Temmuz [&hellip;]<\/p>\n","protected":false},"author":1,"featured_media":0,"parent":0,"menu_order":0,"comment_status":"closed","ping_status":"closed","template":"elementor_header_footer","meta":{"footnotes":""},"class_list":["post-809","page","type-page","status-publish","hentry"],"_links":{"self":[{"href":"https:\/\/www.droktaytosun.com\/en\/wp-json\/wp\/v2\/pages\/809","targetHints":{"allow":["GET"]}}],"collection":[{"href":"https:\/\/www.droktaytosun.com\/en\/wp-json\/wp\/v2\/pages"}],"about":[{"href":"https:\/\/www.droktaytosun.com\/en\/wp-json\/wp\/v2\/types\/page"}],"author":[{"embeddable":true,"href":"https:\/\/www.droktaytosun.com\/en\/wp-json\/wp\/v2\/users\/1"}],"replies":[{"embeddable":true,"href":"https:\/\/www.droktaytosun.com\/en\/wp-json\/wp\/v2\/comments?post=809"}],"version-history":[{"count":11,"href":"https:\/\/www.droktaytosun.com\/en\/wp-json\/wp\/v2\/pages\/809\/revisions"}],"predecessor-version":[{"id":3379,"href":"https:\/\/www.droktaytosun.com\/en\/wp-json\/wp\/v2\/pages\/809\/revisions\/3379"}],"wp:attachment":[{"href":"https:\/\/www.droktaytosun.com\/en\/wp-json\/wp\/v2\/media?parent=809"}],"curies":[{"name":"wp","href":"https:\/\/api.w.org\/{rel}","templated":true}]}}