{"id":906,"date":"2019-05-23T05:02:26","date_gmt":"2019-05-23T05:02:26","guid":{"rendered":"https:\/\/www.droktaytosun.com\/en\/?page_id=906"},"modified":"2025-12-29T12:18:37","modified_gmt":"2025-12-29T12:18:37","slug":"italian-style","status":"publish","type":"page","link":"https:\/\/www.droktaytosun.com\/en\/italian-style\/","title":{"rendered":"Italian Style"},"content":{"rendered":"\t\t<div data-elementor-type=\"wp-post\" data-elementor-id=\"906\" class=\"elementor elementor-906\">\n\t\t\t\t\t\t<section class=\"elementor-section elementor-top-section elementor-element elementor-element-e8819a9 elementor-reverse-tablet elementor-reverse-mobile elementor-section-boxed elementor-section-height-default elementor-section-height-default\" data-id=\"e8819a9\" data-element_type=\"section\">\n\t\t\t\t\t\t<div class=\"elementor-container elementor-column-gap-default\">\n\t\t\t\t\t<div class=\"elementor-column elementor-col-50 elementor-top-column elementor-element elementor-element-e93d31b\" data-id=\"e93d31b\" data-element_type=\"column\">\n\t\t\t<div class=\"elementor-widget-wrap elementor-element-populated\">\n\t\t\t\t\t\t<div class=\"elementor-element elementor-element-d171e6e services_sidebar elementor-widget elementor-widget-sidebar\" data-id=\"d171e6e\" data-element_type=\"widget\" data-widget_type=\"sidebar.default\">\n\t\t\t\t\t<div id=\"nav_menu-1\" class=\"widget widget_nav_menu\"><h4 class=\"widget-title second_font\">Tedaviler<\/h4><div class=\"menu-sidebar-services-container\"><ul id=\"menu-sidebar-services\" class=\"menu\"><li id=\"menu-item-3329\" class=\"menu-item menu-item-type-post_type menu-item-object-page menu-item-3329\"><a title=\"Hair Mesotherapy\" href=\"https:\/\/www.droktaytosun.com\/en\/hair-mesotherapy\/\">Hair Mesotherapy<\/a><\/li>\n<li id=\"menu-item-3328\" class=\"menu-item menu-item-type-post_type menu-item-object-page menu-item-3328\"><a title=\"Botox\" href=\"https:\/\/www.droktaytosun.com\/en\/botox\/\">Botox<\/a><\/li>\n<li id=\"menu-item-3327\" class=\"menu-item menu-item-type-post_type menu-item-object-page menu-item-3327\"><a title=\"Stem Cell\" href=\"https:\/\/www.droktaytosun.com\/en\/stem-cell\/\">Stem Cell<\/a><\/li>\n<li id=\"menu-item-2211\" class=\"menu-item menu-item-type-post_type menu-item-object-page menu-item-2211\"><a title=\"Italian Style\" href=\"https:\/\/www.droktaytosun.com\/en\/italian-style\/\">Italian Style<\/a><\/li>\n<li id=\"menu-item-3325\" class=\"menu-item menu-item-type-post_type menu-item-object-page menu-item-3325\"><a title=\"Medical Services\" href=\"https:\/\/www.droktaytosun.com\/en\/medical-services\/\">Medical Services<\/a><\/li>\n<li id=\"menu-item-3326\" class=\"menu-item menu-item-type-post_type menu-item-object-page menu-item-3326\"><a title=\"Surgical Services\" href=\"https:\/\/www.droktaytosun.com\/en\/surgical-services\/\">Surgical Services<\/a><\/li>\n<\/ul><\/div><\/div><div id=\"custom_html-2\" class=\"widget_text widget widget_custom_html\"><div class=\"textwidget custom-html-widget\">\t<div class=\"brochures\">\n\t\t<p class=\"title second_font\">CONTACT FORM<\/p>\n\t\t<p class=\"desc\">Do not hesitate to contact us for any questions, suggestions, or collaboration. We will get back to you as soon as possible. As the team of Op. Dr. Oktay Tosun, we are here to establish strong communication with you and provide the solutions that best suit your needs.<\/p>\n\t\t\r\n\t<a class=\"button_sidebar\" href=\"\/iletisim\">\n\t\t<i class=\"far fa-file-pdf\"><\/i>\n\t\t<span>Contact Form<\/span>\n\t<\/a>\n\t\r\n\r\n\t<\/div>\n\t\r\n<\/div><\/div><div id=\"custom_html-3\" class=\"widget_text widget widget_custom_html\"><div class=\"textwidget custom-html-widget\">\t<div class=\"info_contact\">\n\t\t<p class=\"title second_font\">Size Nas\u0131l Yard\u0131mc\u0131 Olabiliriz?<\/p>\n\t\t<ul class=\"content\">\n\t\t\t\r\n\t<li>\n\t\t<i class=\"zmdi zmdi-phone\"><\/i>\n\t\t<span class=\"info\">+90 545 913 96 96<\/span>\n\t<\/li>\n\t\n\t\r\n\t<li>\n\t\t<i class=\"zmdi zmdi-email\"><\/i>\n\t\t<span class=\"info\">droktaytosunclinic@gmail.com<\/span>\n\t<\/li>\n\t\n\t\r\n\t<li>\n\t\t<i class=\"zmdi zmdi-pin\"><\/i>\n\t\t<span class=\"info\">15 Temmuz Mh. 148127. Sk. Melisa Villa No:2\/1 (Across from Primemall AVM) \u015eehitkamil \/ Gaziantep, Turkey<\/span>\n\t<\/li>\n\t\n\t\r\n\t\t<\/ul>\n\t<\/div>\n\t\r\n<\/div><\/div>\t\t\t\t<\/div>\n\t\t\t\t\t<\/div>\n\t\t<\/div>\n\t\t\t\t<div class=\"elementor-column elementor-col-50 elementor-top-column elementor-element elementor-element-4af4ec2\" data-id=\"4af4ec2\" data-element_type=\"column\">\n\t\t\t<div class=\"elementor-widget-wrap elementor-element-populated\">\n\t\t\t\t\t\t<section class=\"elementor-section elementor-inner-section elementor-element elementor-element-465aa4f elementor-section-boxed elementor-section-height-default elementor-section-height-default\" data-id=\"465aa4f\" data-element_type=\"section\">\n\t\t\t\t\t\t<div class=\"elementor-container elementor-column-gap-no\">\n\t\t\t\t\t<div class=\"elementor-column elementor-col-100 elementor-inner-column elementor-element elementor-element-33aebf4\" data-id=\"33aebf4\" data-element_type=\"column\">\n\t\t\t<div class=\"elementor-widget-wrap elementor-element-populated\">\n\t\t\t\t\t\t<div class=\"elementor-element elementor-element-5949d62 elementor-widget elementor-widget-image\" data-id=\"5949d62\" data-element_type=\"widget\" data-widget_type=\"image.default\">\n\t\t\t\t\t\t\t\t\t\t\t\t\t\t\t<img fetchpriority=\"high\" decoding=\"async\" width=\"1280\" height=\"852\" src=\"https:\/\/www.droktaytosun.com\/en\/wp-content\/uploads\/2025\/12\/italyan_isi.jpg\" class=\"attachment-full size-full wp-image-3271\" alt=\"\" srcset=\"https:\/\/www.droktaytosun.com\/en\/wp-content\/uploads\/2025\/12\/italyan_isi.jpg 1280w, https:\/\/www.droktaytosun.com\/en\/wp-content\/uploads\/2025\/12\/italyan_isi-300x200.jpg 300w, https:\/\/www.droktaytosun.com\/en\/wp-content\/uploads\/2025\/12\/italyan_isi-1024x682.jpg 1024w, https:\/\/www.droktaytosun.com\/en\/wp-content\/uploads\/2025\/12\/italyan_isi-768x511.jpg 768w\" sizes=\"(max-width: 1280px) 100vw, 1280px\" \/>\t\t\t\t\t\t\t\t\t\t\t\t\t\t\t<\/div>\n\t\t\t\t<div class=\"elementor-element elementor-element-4d3e55e elementor-widget elementor-widget-heading\" data-id=\"4d3e55e\" data-element_type=\"widget\" data-widget_type=\"heading.default\">\n\t\t\t\t\t<span class=\"elementor-heading-title elementor-size-default\">OP. DR. OKTAY TOSUN: \u2018I CREATED THE CONCEPT OF \u2018ITALIAN STYLE<\/span>\t\t\t\t<\/div>\n\t\t\t\t\t<\/div>\n\t\t<\/div>\n\t\t\t\t\t<\/div>\n\t\t<\/section>\n\t\t\t\t<section class=\"elementor-section elementor-inner-section elementor-element elementor-element-595b1ca elementor-section-boxed elementor-section-height-default elementor-section-height-default\" data-id=\"595b1ca\" data-element_type=\"section\">\n\t\t\t\t\t\t<div class=\"elementor-container elementor-column-gap-default\">\n\t\t\t\t\t<div class=\"elementor-column elementor-col-100 elementor-inner-column elementor-element elementor-element-2443455\" data-id=\"2443455\" data-element_type=\"column\">\n\t\t\t<div class=\"elementor-widget-wrap elementor-element-populated\">\n\t\t\t\t\t\t<div class=\"elementor-element elementor-element-03f76a5 elementor-widget elementor-widget-text-editor\" data-id=\"03f76a5\" data-element_type=\"widget\" data-widget_type=\"text-editor.default\">\n\t\t\t\t\t\t\t\t\t<p>\u00a0<\/p><p data-start=\"44\" data-end=\"756\"><strong data-start=\"44\" data-end=\"69\">Opr. Dr. Oktay Tosun:<\/strong> \u201cI completed a master\u2019s in medical aesthetics in Italy. After that, I searched for the answer to the question of how allure and beauty could be achieved, and during that process, I developed it. \u2018Italian Style\u2019 is a concept I created focused on naturalness and impact\u2014it can be described as a holistic chain of procedures. Essentially, when we say \u2018Italian Style,\u2019 we refer to applying the beautiful lines and expressions inspired by the Mediterranean onto the human face and its movements. While performing this procedure on our clients, our goal is to help them see this beauty as well. We aim to create new combinations using the detailed and beautiful lines of the Mediterranean.\u201d<\/p><hr data-start=\"758\" data-end=\"761\" \/><p data-start=\"763\" data-end=\"1596\"><strong data-start=\"1603\" data-end=\"1614\">Oktay Tosun:<\/strong> \u201cTHE VOLUME OF PROCEDURES FOR MEN HAS INCREASED SIGNIFICANTLY\u201d<br data-start=\"836\" data-end=\"839\" \/>Answering the question about the gender distribution in procedures, Opr. Dr. Tosun said, \u201cIt is well known that women have been quite knowledgeable and interested in the field of medical aesthetics in recent years. However, looking at the present, we cannot say that aesthetic services are only for women because many male clients are now also undergoing procedures. What was once unusual has become normal, and the demand is increasing, meaning the population in aesthetics is expanding and will continue to grow. In social life, this allows people to feel more energetic, dynamic, and healthy, which brings vitality to their daily lives. Medical aesthetics has now become a part of men\u2019s lives, and the volume of procedures has significantly increased.\u201d<\/p><hr data-start=\"1598\" data-end=\"1601\" \/><p data-start=\"1603\" data-end=\"2179\"><strong data-start=\"1603\" data-end=\"1614\">Oktay Tosun:<\/strong> \u201cTHERE IS NO GENDER DIVISION IN AESTHETICS ANYMORE\u201d<br data-start=\"1666\" data-end=\"1669\" \/>Detailing that gender is no longer a barrier in aesthetics, Dr. Co\u015fkun stated, \u201cThe notion of gender distinction in aesthetics no longer exists. This perception can be completely eliminated. I would also like to point out that these procedures are not only aesthetic; they are sometimes combined with other treatments. Whether male or female clients, when these procedures are applied alongside acne scar treatments and other therapies, we achieve successful results in terms of quality and positive effect.\u201d<\/p><hr data-start=\"2181\" data-end=\"2184\" \/><p data-start=\"2186\" data-end=\"2819\"><strong data-start=\"1603\" data-end=\"1614\">Oktay Tosun:<\/strong> \u201cWE ALWAYS PREPARE OUR SKIN FOR THE NEXT SEASON\u201d<br data-start=\"2246\" data-end=\"2249\" \/>Answering the question about seasonal procedures, Dr. Co\u015fkun said, \u201cSince we are currently in the summer period, I would like to talk about the effects of the sun. In autumn and winter, we perform more aggressive procedures, while in summer we strengthen the skin to prepare it for the treatments to come. Mesotherapy procedures\u2014where we apply cocktails containing amino acids, enzymes, and hyaluronic acid via small injections\u2014are performed during the summer. This helps protect the skin from the harmful effects of the sun and increases the skin\u2019s moisture quality.\u201d<\/p><p>\u00a0<\/p>\t\t\t\t\t\t\t\t<\/div>\n\t\t\t\t\t<\/div>\n\t\t<\/div>\n\t\t\t\t\t<\/div>\n\t\t<\/section>\n\t\t\t\t\t<\/div>\n\t\t<\/div>\n\t\t\t\t\t<\/div>\n\t\t<\/section>\n\t\t\t\t<\/div>\n\t\t","protected":false},"excerpt":{"rendered":"<p>OP. DR. OKTAY TOSUN: \u2018I CREATED THE CONCEPT OF \u2018ITALIAN STYLE \u00a0 Opr. Dr. Oktay Tosun: \u201cI completed a master\u2019s in medical aesthetics in Italy. After that, I searched for the answer to the question of how allure and beauty could be achieved, and during that process, I developed it. \u2018Italian Style\u2019 is a concept [&hellip;]<\/p>\n","protected":false},"author":1,"featured_media":0,"parent":0,"menu_order":0,"comment_status":"closed","ping_status":"closed","template":"elementor_header_footer","meta":{"footnotes":""},"class_list":["post-906","page","type-page","status-publish","hentry"],"_links":{"self":[{"href":"https:\/\/www.droktaytosun.com\/en\/wp-json\/wp\/v2\/pages\/906","targetHints":{"allow":["GET"]}}],"collection":[{"href":"https:\/\/www.droktaytosun.com\/en\/wp-json\/wp\/v2\/pages"}],"about":[{"href":"https:\/\/www.droktaytosun.com\/en\/wp-json\/wp\/v2\/types\/page"}],"author":[{"embeddable":true,"href":"https:\/\/www.droktaytosun.com\/en\/wp-json\/wp\/v2\/users\/1"}],"replies":[{"embeddable":true,"href":"https:\/\/www.droktaytosun.com\/en\/wp-json\/wp\/v2\/comments?post=906"}],"version-history":[{"count":9,"href":"https:\/\/www.droktaytosun.com\/en\/wp-json\/wp\/v2\/pages\/906\/revisions"}],"predecessor-version":[{"id":3401,"href":"https:\/\/www.droktaytosun.com\/en\/wp-json\/wp\/v2\/pages\/906\/revisions\/3401"}],"wp:attachment":[{"href":"https:\/\/www.droktaytosun.com\/en\/wp-json\/wp\/v2\/media?parent=906"}],"curies":[{"name":"wp","href":"https:\/\/api.w.org\/{rel}","templated":true}]}}